{"id":17521,"date":"2019-06-20T13:07:49","date_gmt":"2019-06-20T11:07:49","guid":{"rendered":"https:\/\/murviedro.es\/?page_id=17521"},"modified":"2024-03-18T13:52:28","modified_gmt":"2024-03-18T12:52:28","slug":"legal-notice","status":"publish","type":"page","link":"https:\/\/murviedro.es\/en\/legal-notice","title":{"rendered":"Legal Notice"},"content":{"rendered":"<h1 style=\"text-align: center;\">Legal Notice<\/h1>\n<h4 style=\"text-align: justify;\"><strong>1. DATOS DE LA EMPRESA<\/strong><\/h4>\n<p style=\"text-align: justify;\">murviedro.es\u00a0es un dominio cuyo titular es BODEGAS MURVIEDRO SA (En adelante<strong> LA EMPRESA<\/strong>), con correo electr\u00f3nico murviedro@murviedro.es con CIF: A-46002127, debidamente registrada y legalmente constituida.<\/p>\n<h4 style=\"text-align: justify;\"><strong>2. PROPIEDAD INTELECTUAL DE MURVIEDRO.ES<\/strong><\/h4>\n<p style=\"text-align: justify;\">Queda prohibida su reproducci\u00f3n, distribuci\u00f3n, comunicaci\u00f3n p\u00fablica y transformaci\u00f3n, total o parcial, sin la autorizaci\u00f3n expresa de LA EMPRESA Igualmente, todos los nombres comerciales, marcas o signos distintos de cualquier clase contenidos en murviedro.es est\u00e1n protegidos por ley.<\/p>\n<p style=\"text-align: justify;\">Todos los derechos de propiedad intelectual del contenido de esta p\u00e1gina Web, su dise\u00f1o gr\u00e1fico, im\u00e1genes y sus c\u00f3digos fuente, son titularidad exclusiva de LA EMPRESA, correspondi\u00e9ndole el ejercicio exclusivo de los derechos de explotaci\u00f3n de los mismos.<\/p>\n<p style=\"text-align: justify;\">LA EMPRESA proporciona una serie de servicios en Internet a sus usuarios y clientes. Los usuarios de LA EMPRESA pueden crear y adquirir productos para su propio uso.<\/p>\n<p style=\"text-align: justify;\">V\u00eda aceptaci\u00f3n de las condiciones de uso, prohibimos expl\u00edcitamente cualquier infracci\u00f3n de propiedad intelectual. Pedimos a los propietarios de dichos derechos que nos contacten si alg\u00fan usuario de nuestro servicio ha hecho alguna infracci\u00f3n.<\/p>\n<p style=\"text-align: justify;\">Cualquier art\u00edculo o imagen que sea objeto de la infracci\u00f3n ser\u00e1 eliminado sin previo aviso. LA EMPRESA se reserva el derecho de tomar medidas m\u00e1s dr\u00e1sticas con el usuario infractor en caso de repetidas incidencias, como por ejemplo, cancelar definitivamente su cuenta y prohibir el uso de sus servicios.<\/p>\n<p style=\"text-align: justify;\">Si consideras que tus derechos de propiedad intelectual han sido violados por un usuario de nuestro servicio, haznos llegar una notificaci\u00f3n con la siguiente informaci\u00f3n:<\/p>\n<p style=\"text-align: justify;\">1. Identificaci\u00f3n del copyright, marca registrada o lo que se haya infringido. 2. La direcci\u00f3n completa (URL) de los productos y\/o dise\u00f1os en cuesti\u00f3n (Atenci\u00f3n: s\u00f3lo la direcci\u00f3n murviedro.es no es suficiente) 3. Tu nombre, direcci\u00f3n, tel\u00e9fono y email. 4. Una declaraci\u00f3n donde expones de buena fe que el material de la queja infringe ciertamente la ley o tus derechos. 5. Una declaraci\u00f3n de que toda la informaci\u00f3n proporcionada es correcta y veraz.<\/p>\n<p style=\"text-align: justify;\">Puedes enviarnos esta informaci\u00f3n v\u00eda email a: murviedro@murviedro.es<\/p>\n<h4 style=\"text-align: justify;\"><strong>3. ACTUALIZACI\u00d3N Y MODIFICACI\u00d3N DE LA P\u00c1GINA WEB<\/strong><\/h4>\n<p style=\"text-align: justify;\">LA EMPRESA se reserva el derecho a actualizar, modificar o eliminar la informaci\u00f3n contenida en su web Site, en cualquier momento, sin previo aviso, al igual que la configuraci\u00f3n o presentaci\u00f3n de la misma, y sin asumir responsabilidad alguna por ello.<\/p>\n<h4 style=\"text-align: justify;\"><strong>4. CONTENIDOS DE LA WEB Y ENLACES<\/strong><\/h4>\n<p style=\"text-align: justify;\">LA EMPRESA no se responsabiliza del mal uso que se realice de los contenidos de murviedro.es siendo exclusiva responsabilidad de la persona que accede a ellos o los utiliza.<\/p>\n<p style=\"text-align: justify;\">Del mismo modo, no se asume ninguna responsabilidad por la informaci\u00f3n contenida en las p\u00e1ginas web de terceros a las que se pueda acceder por enlaces o buscadores desde la p\u00e1gina web murviedro.es<\/p>\n<h4 style=\"text-align: justify;\"><strong>5. ASPECTOS T\u00c9CNICOS<\/strong><\/h4>\n<p style=\"text-align: justify;\">LA EMPRESA no asume ninguna responsabilidad que se pueda derivar de problemas t\u00e9cnicos o fallos en los equipos inform\u00e1ticos, no imputables a nuestra Sociedad, que se produzcan durante la conexi\u00f3n a la red de Internet, as\u00ed como de da\u00f1os que pudieran ser causados por terceras personas mediante intromisiones ileg\u00edtimas fuera del control de LA EMPRESA<\/p>\n<p style=\"text-align: justify;\">Tambi\u00e9n queda exonerada de toda responsabilidad ante posibles da\u00f1os o perjuicios que pueda sufrir el usuario a consecuencia de errores, defectos u omisiones en la informaci\u00f3n que facilitemos cuando proceda de fuentes ajenas a LA EMPRESA<\/p>\n<h4 style=\"text-align: justify;\"><strong>6. TRATAMIENTO DE DATOS DE USUARIOS<\/strong><\/h4>\n<p style=\"text-align: justify;\"><strong><em>Consultar <a href=\"https:\/\/murviedro.es\/politica-de-privacidad\">Pol\u00edtica de Privacidad<\/a>.<\/em><\/strong><\/p>\n<h4 style=\"text-align: justify;\"><strong>7. LEGISLACI\u00d3N Y JURISDICCI\u00d3N APLICABLES<\/strong><\/h4>\n<p style=\"text-align: justify;\">Con car\u00e1cter general, las relaciones entre LA EMPRESA y sus clientes, que se deriven de la prestaci\u00f3n de los servicios contenidos en la Web murviedro.es est\u00e1n sometidas a la legislaci\u00f3n y la jurisdicci\u00f3n espa\u00f1ola.<\/p>\n<p style=\"text-align: justify;\">Los usuarios de murviedro.es son conscientes de todo lo expuesto y lo aceptan voluntariamente.<\/p>\n<h4 style=\"text-align: justify;\"><strong>8. SEGURIDAD EN LOS ACCESOS<\/strong><\/h4>\n<p style=\"text-align: justify;\">El acceso a las p\u00e1ginas a trav\u00e9s de las que el cliente de LA EMPRESA consulte datos personales, solicite informaci\u00f3n complementaria o contrate alguno de los productos que ofertamos se realiza a trav\u00e9s de l\u00ednea segura.<\/p>\n<h4 style=\"text-align: justify;\"><strong>\u00a0<\/strong><strong>9. LEGISLACI\u00d3N Y JURISDICCI\u00d3N<\/strong><\/h4>\n<p style=\"text-align: justify;\">Las presentes condiciones generales se interpretar\u00e1n conforme a la legislaci\u00f3n vigente en Espa\u00f1a en la materia, que se aplicar\u00e1 subsidiariamente en todo lo que no se haya previsto en las mismas (b\u00e1sicamente Ley 34\/2002 de 11 de julio de servicios de la informaci\u00f3n y comercio electr\u00f3nico).<\/p>\n","protected":false},"excerpt":{"rendered":"<p>Legal Notice 1. DATOS DE LA EMPRESA murviedro.es\u00a0es un dominio cuyo titular es BODEGAS MURVIEDRO SA (En adelante LA EMPRESA), con correo electr\u00f3nico murviedro@murviedro.es con CIF: A-46002127, debidamente registrada y legalmente constituida. 2. PROPIEDAD INTELECTUAL DE MURVIEDRO.ES Queda prohibida su reproducci\u00f3n, distribuci\u00f3n, comunicaci\u00f3n p\u00fablica y transformaci\u00f3n, total o parcial, sin la autorizaci\u00f3n expresa de LA&#8230;<\/p>\n","protected":false},"author":1,"featured_media":0,"parent":0,"menu_order":0,"comment_status":"closed","ping_status":"closed","template":"","meta":{"footnotes":""},"class_list":["post-17521","page","type-page","status-publish","hentry"],"yoast_head":"<!-- This site is optimized with the Yoast SEO plugin v27.4 - https:\/\/yoast.com\/product\/yoast-seo-wordpress\/ -->\n<title>Legal Notice | Bodegas Murviedro<\/title>\n<meta name=\"robots\" content=\"noindex, nofollow\" \/>\n<meta property=\"og:locale\" content=\"en_US\" \/>\n<meta property=\"og:type\" content=\"article\" \/>\n<meta property=\"og:title\" content=\"Legal Notice | Bodegas Murviedro\" \/>\n<meta property=\"og:description\" content=\"Legal Notice 1. DATOS DE LA EMPRESA murviedro.es\u00a0es un dominio cuyo titular es BODEGAS MURVIEDRO SA (En adelante LA EMPRESA), con correo electr\u00f3nico murviedro@murviedro.es con CIF: A-46002127, debidamente registrada y legalmente constituida. 2. PROPIEDAD INTELECTUAL DE MURVIEDRO.ES Queda prohibida su reproducci\u00f3n, distribuci\u00f3n, comunicaci\u00f3n p\u00fablica y transformaci\u00f3n, total o parcial, sin la autorizaci\u00f3n expresa de LA...\" \/>\n<meta property=\"og:url\" content=\"https:\/\/murviedro.es\/en\/legal-notice\" \/>\n<meta property=\"og:site_name\" content=\"Bodegas Murviedro\" \/>\n<meta property=\"article:publisher\" content=\"https:\/\/www.facebook.com\/bodegasmurviedro\/\" \/>\n<meta property=\"article:modified_time\" content=\"2024-03-18T12:52:28+00:00\" \/>\n<meta name=\"twitter:card\" content=\"summary_large_image\" \/>\n<meta name=\"twitter:site\" content=\"@vinosmurviedro\" \/>\n<meta name=\"twitter:label1\" content=\"Est. reading time\" \/>\n\t<meta name=\"twitter:data1\" content=\"4 minutes\" \/>\n<script type=\"application\/ld+json\" class=\"yoast-schema-graph\">{\"@context\":\"https:\\\/\\\/schema.org\",\"@graph\":[{\"@type\":\"WebPage\",\"@id\":\"https:\\\/\\\/murviedro.es\\\/en\\\/legal-notice\",\"url\":\"https:\\\/\\\/murviedro.es\\\/en\\\/legal-notice\",\"name\":\"Legal Notice | Bodegas Murviedro\",\"isPartOf\":{\"@id\":\"https:\\\/\\\/murviedro.es\\\/en\\\/#website\"},\"datePublished\":\"2019-06-20T11:07:49+00:00\",\"dateModified\":\"2024-03-18T12:52:28+00:00\",\"breadcrumb\":{\"@id\":\"https:\\\/\\\/murviedro.es\\\/en\\\/legal-notice#breadcrumb\"},\"inLanguage\":\"en-US\",\"potentialAction\":[{\"@type\":\"ReadAction\",\"target\":[\"https:\\\/\\\/murviedro.es\\\/en\\\/legal-notice\"]}]},{\"@type\":\"BreadcrumbList\",\"@id\":\"https:\\\/\\\/murviedro.es\\\/en\\\/legal-notice#breadcrumb\",\"itemListElement\":[{\"@type\":\"ListItem\",\"position\":1,\"name\":\"Inicio\",\"item\":\"https:\\\/\\\/murviedro.es\\\/en\"},{\"@type\":\"ListItem\",\"position\":2,\"name\":\"Legal Notice\"}]},{\"@type\":\"WebSite\",\"@id\":\"https:\\\/\\\/murviedro.es\\\/en\\\/#website\",\"url\":\"https:\\\/\\\/murviedro.es\\\/en\\\/\",\"name\":\"Bodegas Murviedro\",\"description\":\"Bodegas de vino\",\"publisher\":{\"@id\":\"https:\\\/\\\/murviedro.es\\\/en\\\/#organization\"},\"potentialAction\":[{\"@type\":\"SearchAction\",\"target\":{\"@type\":\"EntryPoint\",\"urlTemplate\":\"https:\\\/\\\/murviedro.es\\\/en\\\/?s={search_term_string}\"},\"query-input\":{\"@type\":\"PropertyValueSpecification\",\"valueRequired\":true,\"valueName\":\"search_term_string\"}}],\"inLanguage\":\"en-US\"},{\"@type\":\"Organization\",\"@id\":\"https:\\\/\\\/murviedro.es\\\/en\\\/#organization\",\"name\":\"Bodegas Murviedro\",\"url\":\"https:\\\/\\\/murviedro.es\\\/en\\\/\",\"logo\":{\"@type\":\"ImageObject\",\"inLanguage\":\"en-US\",\"@id\":\"https:\\\/\\\/murviedro.es\\\/en\\\/#\\\/schema\\\/logo\\\/image\\\/\",\"url\":\"https:\\\/\\\/murviedro.es\\\/wp-content\\\/uploads\\\/2019\\\/04\\\/logo-negro.png\",\"contentUrl\":\"https:\\\/\\\/murviedro.es\\\/wp-content\\\/uploads\\\/2019\\\/04\\\/logo-negro.png\",\"width\":186,\"height\":80,\"caption\":\"Bodegas Murviedro\"},\"image\":{\"@id\":\"https:\\\/\\\/murviedro.es\\\/en\\\/#\\\/schema\\\/logo\\\/image\\\/\"},\"sameAs\":[\"https:\\\/\\\/www.facebook.com\\\/bodegasmurviedro\\\/\",\"https:\\\/\\\/x.com\\\/vinosmurviedro\",\"https:\\\/\\\/www.instagram.com\\\/bodegasmurviedro\\\/\",\"https:\\\/\\\/www.youtube.com\\\/user\\\/vinosmurviedro\\\/\"]}]}<\/script>\n<!-- \/ Yoast SEO plugin. -->","yoast_head_json":{"title":"Legal Notice | Bodegas Murviedro","robots":{"index":"noindex","follow":"nofollow"},"og_locale":"en_US","og_type":"article","og_title":"Legal Notice | Bodegas Murviedro","og_description":"Legal Notice 1. DATOS DE LA EMPRESA murviedro.es\u00a0es un dominio cuyo titular es BODEGAS MURVIEDRO SA (En adelante LA EMPRESA), con correo electr\u00f3nico murviedro@murviedro.es con CIF: A-46002127, debidamente registrada y legalmente constituida. 2. PROPIEDAD INTELECTUAL DE MURVIEDRO.ES Queda prohibida su reproducci\u00f3n, distribuci\u00f3n, comunicaci\u00f3n p\u00fablica y transformaci\u00f3n, total o parcial, sin la autorizaci\u00f3n expresa de LA...","og_url":"https:\/\/murviedro.es\/en\/legal-notice","og_site_name":"Bodegas Murviedro","article_publisher":"https:\/\/www.facebook.com\/bodegasmurviedro\/","article_modified_time":"2024-03-18T12:52:28+00:00","twitter_card":"summary_large_image","twitter_site":"@vinosmurviedro","twitter_misc":{"Est. reading time":"4 minutes"},"schema":{"@context":"https:\/\/schema.org","@graph":[{"@type":"WebPage","@id":"https:\/\/murviedro.es\/en\/legal-notice","url":"https:\/\/murviedro.es\/en\/legal-notice","name":"Legal Notice | Bodegas Murviedro","isPartOf":{"@id":"https:\/\/murviedro.es\/en\/#website"},"datePublished":"2019-06-20T11:07:49+00:00","dateModified":"2024-03-18T12:52:28+00:00","breadcrumb":{"@id":"https:\/\/murviedro.es\/en\/legal-notice#breadcrumb"},"inLanguage":"en-US","potentialAction":[{"@type":"ReadAction","target":["https:\/\/murviedro.es\/en\/legal-notice"]}]},{"@type":"BreadcrumbList","@id":"https:\/\/murviedro.es\/en\/legal-notice#breadcrumb","itemListElement":[{"@type":"ListItem","position":1,"name":"Inicio","item":"https:\/\/murviedro.es\/en"},{"@type":"ListItem","position":2,"name":"Legal Notice"}]},{"@type":"WebSite","@id":"https:\/\/murviedro.es\/en\/#website","url":"https:\/\/murviedro.es\/en\/","name":"Bodegas Murviedro","description":"Bodegas de vino","publisher":{"@id":"https:\/\/murviedro.es\/en\/#organization"},"potentialAction":[{"@type":"SearchAction","target":{"@type":"EntryPoint","urlTemplate":"https:\/\/murviedro.es\/en\/?s={search_term_string}"},"query-input":{"@type":"PropertyValueSpecification","valueRequired":true,"valueName":"search_term_string"}}],"inLanguage":"en-US"},{"@type":"Organization","@id":"https:\/\/murviedro.es\/en\/#organization","name":"Bodegas Murviedro","url":"https:\/\/murviedro.es\/en\/","logo":{"@type":"ImageObject","inLanguage":"en-US","@id":"https:\/\/murviedro.es\/en\/#\/schema\/logo\/image\/","url":"https:\/\/murviedro.es\/wp-content\/uploads\/2019\/04\/logo-negro.png","contentUrl":"https:\/\/murviedro.es\/wp-content\/uploads\/2019\/04\/logo-negro.png","width":186,"height":80,"caption":"Bodegas Murviedro"},"image":{"@id":"https:\/\/murviedro.es\/en\/#\/schema\/logo\/image\/"},"sameAs":["https:\/\/www.facebook.com\/bodegasmurviedro\/","https:\/\/x.com\/vinosmurviedro","https:\/\/www.instagram.com\/bodegasmurviedro\/","https:\/\/www.youtube.com\/user\/vinosmurviedro\/"]}]}},"_links":{"self":[{"href":"https:\/\/murviedro.es\/en\/wp-json\/wp\/v2\/pages\/17521","targetHints":{"allow":["GET"]}}],"collection":[{"href":"https:\/\/murviedro.es\/en\/wp-json\/wp\/v2\/pages"}],"about":[{"href":"https:\/\/murviedro.es\/en\/wp-json\/wp\/v2\/types\/page"}],"author":[{"embeddable":true,"href":"https:\/\/murviedro.es\/en\/wp-json\/wp\/v2\/users\/1"}],"replies":[{"embeddable":true,"href":"https:\/\/murviedro.es\/en\/wp-json\/wp\/v2\/comments?post=17521"}],"version-history":[{"count":7,"href":"https:\/\/murviedro.es\/en\/wp-json\/wp\/v2\/pages\/17521\/revisions"}],"predecessor-version":[{"id":24500,"href":"https:\/\/murviedro.es\/en\/wp-json\/wp\/v2\/pages\/17521\/revisions\/24500"}],"wp:attachment":[{"href":"https:\/\/murviedro.es\/en\/wp-json\/wp\/v2\/media?parent=17521"}],"curies":[{"name":"wp","href":"https:\/\/api.w.org\/{rel}","templated":true}]}}